{"id":21480,"date":"2022-01-15T02:36:35","date_gmt":"2022-01-15T02:36:35","guid":{"rendered":"https:\/\/seacret-tours.com\/?page_id=21480"},"modified":"2022-01-15T02:37:57","modified_gmt":"2022-01-15T02:37:57","slug":"politique-de-confidentialite","status":"publish","type":"page","link":"https:\/\/seacret-tours.com\/fr\/politique-de-confidentialite\/","title":{"rendered":"Politique de Confidentialit\u00e9"},"content":{"rendered":"\t\t<div data-elementor-type=\"wp-page\" data-elementor-id=\"21480\" class=\"elementor elementor-21480\">\n\t\t\t\t\t\t\t\t\t<section class=\"elementor-section elementor-top-section elementor-element elementor-element-bcec745 elementor-section-full_width elementor-section-height-default elementor-section-height-default qodef-elementor-content-no\" data-id=\"bcec745\" data-element_type=\"section\">\n\t\t\t\t\t\t<div class=\"elementor-container elementor-column-gap-default\">\n\t\t\t\t\t<div class=\"elementor-column elementor-col-100 elementor-top-column elementor-element elementor-element-c4351d9\" data-id=\"c4351d9\" data-element_type=\"column\">\n\t\t\t<div class=\"elementor-widget-wrap elementor-element-populated\">\n\t\t\t\t\t\t\t\t<div class=\"elementor-element elementor-element-c77d594 elementor-widget elementor-widget-text-editor\" data-id=\"c77d594\" data-element_type=\"widget\" data-widget_type=\"text-editor.default\">\n\t\t\t\t<div class=\"elementor-widget-container\">\n\t\t\t\t\t\t\t<p><!-- wp:paragraph --><\/p>\n<p><strong>Cette politique de confidentialit\u00e9 a \u00e9t\u00e9 compil\u00e9e pour mieux servir ceux qui s&rsquo;inqui\u00e8tent de la fa\u00e7on dont leurs \u00ab\u00a0informations personnelles identifiables\u00a0\u00bb (PII) sont utilis\u00e9es en ligne. Les PII sont des informations qui peuvent \u00eatre utilis\u00e9es seules ou avec d&rsquo;autres informations pour identifier, contacter ou localiser une personne unique ou pour identifier une personne dans son contexte. Veuillez lire attentivement notre politique de confidentialit\u00e9 pour bien comprendre comment nous recueillons, utilisons, prot\u00e9geons ou traitons vos informations personnellement identifiables conform\u00e9ment \u00e0 notre site Web.<\/strong><\/p>\n<p>&nbsp;<\/p>\n<p><strong>QUELLES INFORMATIONS PERSONNELLES COLLECTONS-NOUS DES PERSONNES VISITANT NOTRE BLOG, SITE WEB OU APPLICATION\u00a0?<\/strong><\/p>\n<p><span style=\"font-weight: 400;\">Lorsque vous passez une commande ou que vous vous inscrivez sur notre site Web, selon le cas, il peut vous \u00eatre demand\u00e9 d&rsquo;entrer votre nom, votre adresse e-mail, votre num\u00e9ro de t\u00e9l\u00e9phone, votre carte de cr\u00e9dit ou d&rsquo;autres informations pour vous aider avec votre exp\u00e9rience.<\/span><\/p>\n<p>&nbsp;<\/p>\n<p><strong>QUAND RECUEILLONS-NOUS DES INFORMATIONS\u00a0?<\/strong><\/p>\n<p><span style=\"font-weight: 400;\">Nous collectons vos informations lorsque vous passez une commande ou saisissez des informations sur notre site Web.<\/span><\/p>\n<p>&nbsp;<\/p>\n<p><strong>COMMENT UTILISONS-NOUS VOS INFORMATIONS\u00a0?<\/strong><\/p>\n<p><span style=\"font-weight: 400;\">Nous pouvons utiliser les informations que nous recueillons lorsque vous vous inscrivez, effectuez un achat, vous inscrivez \u00e0 notre newsletter, r\u00e9pondez \u00e0 une enqu\u00eate ou \u00e0 une communication marketing, naviguez sur le site Web ou utilisez certaines autres fonctionnalit\u00e9s du site de la mani\u00e8re suivante\u00a0:<\/span><\/p>\n<ul>\n<li style=\"font-weight\u00a0: 400\u00a0;\" aria-level=\"1\"><span style=\"font-weight: 400;\">Pour personnaliser votre exp\u00e9rience et nous permettre de proposer la cat\u00e9gorie de contenu et les offres de produits qui vous int\u00e9ressent le plus.<\/span>< \/li>\n<li style=\"font-weight\u00a0: 400\u00a0;\" aria-level=\"1\"><span style=\"font-weight: 400;\">Pour nous permettre de mieux vous servir en r\u00e9ponse \u00e0 vos demandes de service client.<\/span><\/li>\n<li style=\"font-weight\u00a0: 400\u00a0;\" aria-level=\"1\"><span style=\"font-weight: 400;\">Pour traiter rapidement vos transactions.<\/span><\/li>\n<li style=\"font-weight\u00a0: 400\u00a0;\" aria-level=\"1\"><span style=\"font-weight: 400;\">Pour vous envoyer des e-mails p\u00e9riodiques concernant votre commande ou d&rsquo;autres produits et services.<\/span><\/li>\n<li style=\"font-weight\u00a0: 400\u00a0;\" aria-level=\"1\"><span style=\"font-weight: 400;\">Suivi apr\u00e8s la correspondance (chat en direct, e-mail ou contacts t\u00e9l\u00e9phoniques).<\/span><\/li>\n<\/ul>\n<p>&nbsp;<\/p>\n<p><strong>COMMENT PROT\u00c9GEONS-NOUS VOS DONN\u00c9ES\u00a0?<\/strong><\/p>\n<ul>\n<li style=\"font-weight\u00a0: 400\u00a0;\" aria-level=\"1\"><span style=\"font-weight: 400;\">Nous n&rsquo;utilisons pas l&rsquo;analyse des vuln\u00e9rabilit\u00e9s et\/ou l&rsquo;analyse des normes PCI.<\/span><\/li>\n<li style=\"font-weight\u00a0: 400\u00a0;\" aria-level=\"1\"><span style=\"font-weight: 400;\">Une passerelle de paiement externe conforme \u00e0 la norme PCI g\u00e8re toutes les transactions CC.<\/span><\/li>\n<li style=\"font-weight\u00a0: 400\u00a0;\" aria-level=\"1\"><span style=\"font-weight: 400;\">Nous n&rsquo;utilisons pas l&rsquo;analyse des logiciels malveillants.<\/span><\/li>\n<\/ul>\n<p><span style=\"font-weight: 400;\">Vos informations personnelles sont contenues dans des r\u00e9seaux prot\u00e9g\u00e9s et ne sont accessibles que par un nombre limit\u00e9 de personnes disposant de droits d&rsquo;acc\u00e8s sp\u00e9ciaux \u00e0 ces syst\u00e8mes et sont tenues de maintenir la confidentialit\u00e9 de information. De plus, toutes les informations confidentielles\/de cr\u00e9dit fournies sont crypt\u00e9es \u00e0 l&rsquo;aide de la technologie Secure Socket Layer (SSL).<\/span><\/p>\n<p><span style=\"font-weight: 400;\">Nous mettons en \u0153uvre une vari\u00e9t\u00e9 de mesures de s\u00e9curit\u00e9 lorsqu&rsquo;un utilisateur passe une commande, saisit, soumet ou acc\u00e8de \u00e0 vos informations pour maintenir la s\u00e9curit\u00e9 de vos informations personnelles.<\/span> <\/p>\n<p><span style=\"font-weight: 400;\">Toutes les transactions sont trait\u00e9es via un fournisseur de passerelle et ne sont ni stock\u00e9es ni trait\u00e9es sur nos serveurs.<\/span><\/p>\n<p>&nbsp;<\/p>\n<p><strong>UTILISONS-NOUS DES \u00ab\u00a0COOKIES\u00a0\u00bb\u00a0?<\/strong><\/p>\n<p><span style=\"font-weight\u00a0: 400\u00a0;\">Oui. Les cookies sont de petits fichiers qu&rsquo;un site Web ou son fournisseur de services transf\u00e8re sur le disque dur de votre ordinateur via votre navigateur Web (si vous l&rsquo;autorisez) qui permettent au site Web ou aux syst\u00e8mes du fournisseur de services de reconna\u00eetre votre navigateur et de capturer et de m\u00e9moriser certaines informations. Par exemple, nous utilisons des cookies pour nous aider \u00e0 m\u00e9moriser et \u00e0 traiter les articles de votre panier. Ils sont \u00e9galement utilis\u00e9s pour nous aider \u00e0 comprendre vos pr\u00e9f\u00e9rences en fonction de l&rsquo;activit\u00e9 pass\u00e9e ou actuelle du site Web, ce qui nous permet de vous fournir des services am\u00e9lior\u00e9s. Nous utilisons \u00e9galement des cookies pour nous aider \u00e0 compiler des donn\u00e9es agr\u00e9g\u00e9es sur le trafic et l&rsquo;interaction du site Web afin que nous puissions offrir de meilleures exp\u00e9riences et outils de site Web \u00e0 l&rsquo;avenir.<\/span><\/p>\n<p>&nbsp;<\/p>\n<p><strong>NOUS UTILISONS DES COOKIES POUR\u00a0:<\/strong><\/p>\n<ul>\n<li style=\"font-weight\u00a0: 400\u00a0;\" aria-level=\"1\"><span style=\"font-weight: 400;\">Vous aide \u00e0 m\u00e9moriser et \u00e0 traiter les articles de votre panier.<\/span><\/li>\n<li style=\"font-weight\u00a0: 400\u00a0;\" air l\u00e9gerl=\"1\"><span style=\"font-weight: 400;\">Comprendre et enregistrer les pr\u00e9f\u00e9rences de l&rsquo;utilisateur pour les visites futures.<\/span><\/li>\n<li style=\"font-weight\u00a0: 400\u00a0;\" aria-level=\"1\"><span style=\"font-weight: 400;\">Compilez des donn\u00e9es agr\u00e9g\u00e9es sur le trafic et les interactions du site pour fournir de meilleures exp\u00e9riences et outils \u00e0 l&rsquo;avenir. Nous pouvons \u00e9galement utiliser des services tiers de confiance qui surveillent ces informations en notre nom.<\/span><\/li>\n<\/ul>\n<p><span style=\"font-weight: 400;\">Vous pouvez choisir de laisser votre ordinateur vous avertir chaque fois qu&rsquo;un cookie est envoy\u00e9 ou vous pouvez choisir de d\u00e9sactiver tous les cookies. Vous pouvez effectuer cette action via les param\u00e8tres de votre navigateur. Comme chaque navigateur est un peu diff\u00e9rent, consultez le menu d&rsquo;aide de votre navigateur pour savoir comment modifier correctement les cookies.<\/span><\/p>\n<p><span style=\"font-weight: 400;\">Si vous d\u00e9sactivez les cookies, certaines des fonctionnalit\u00e9s qui rendent votre exp\u00e9rience sur le site plus efficace peuvent ne pas fonctionner correctement. <\/span><\/p>\n<p>&nbsp;<\/p>\n<p><strong>DIVULGATION DE TIERS<\/strong><\/p>\n<p><span style=\"font-weight: 400;\">Nous ne vendons, n&rsquo;\u00e9changeons ni ne transf\u00e9rons vos informations personnellement identifiables \u00e0 des tiers.<\/span><\/p>\n<p>&nbsp;<\/p>\n<p><strong>LIENS TIERS<\/strong><\/p>\n<p><span style=\"font-weight: 400;\">Nous n&rsquo;incluons ni n&rsquo;offrons de produits ou services tiers sur notre site Web.<\/span><\/p>\n<p>&nbsp;<\/p>\n<p><strong>GOOGLE<\/strong><\/p>\n<p><span style=\"font-weight: 400;\">Les exigences publicitaires de Google peuvent \u00eatre r\u00e9sum\u00e9es par les principes publicitaires de Google. Ils sont mis en place pour offrir une exp\u00e9rience positive aux utilisateurs.<\/span><\/p>\n<p><span style=\"font-weight\u00a0: 400\u00a0;\">https:\/\/support.google.com\/adwordspolicy\/answer\/1316548?hl=fr<\/span><\/p>\n<p><span style=\"font-weight: 400;\">Nous n&rsquo;avons pas activ\u00e9 AdSense sur notre site, mais nous pourrions le faire \u00e0 l&rsquo;avenir.<\/span><\/p>\n<p>&nbsp;<\/p>\n<p><strong>COMMENT NOTRE SITE WEB G\u00c8RE-T-IL LE SUIVI DES SIGNAUX\u00a0?<\/strong><\/p>\n<p><span style=\"font-weight: 400;\">Nous respectons les signaux Do Not Track et Do Not Track, installons des cookies ou utilisons de la publicit\u00e9 lorsqu&rsquo;un m\u00e9canisme de navigateur Do Not Track (DNT) est en place.<\/span ><\/p>\n<p>&nbsp;<\/p>\n<p><strong>NOTRE SITE WEB PERMET-IL DE SURVEILLER LE COMPORTEMENT DE TIERS\u00a0?<\/strong><\/p>\n<p><span style=\"font-weight: 400;\">Il est \u00e9galement important de noter que nous autorisons la surveillance comportementale par des tiers.<\/span><\/p>\n<p>&nbsp;<\/p>\n<p><strong>ENFANTS<\/strong><\/p>\n<p><span style=\"font-weight: 400;\">Nous ne commercialisons pas sp\u00e9cifiquement aupr\u00e8s des enfants de moins de 13\u00a0ans.<\/span><\/p>\n<p><span style=\"font-weight: 400;\">Nous sommes \u00e9galement d&rsquo;accord avec le principe d&rsquo;indemnisation individuelle, qui exige que les individus aient le droit de d\u00e9poser l\u00e9galement des plaintes contre les collecteurs et les sous-traitants de donn\u00e9es qui ne respectent pas la loi. Ce principe exige non seulement que les individus aient des droits ex\u00e9cutoires contre les utilisateurs de donn\u00e9es, mais aussi que les individus puissent avoir recours aux tribunaux ou aux agences gouvernementales pour enqu\u00eater et\/ou poursuivre en cas de non-conformit\u00e9 par les processeurs de donn\u00e9es.<\/span ><\/p>\n<p>&nbsp;<\/p>\n<p><strong>NOUS COLLECTONS VOTRE ADRESSE E-MAIL POUR\u00a0:<\/strong><\/p>\n<ul>\n<li style=\"font-weight\u00a0: 400\u00a0;\" aria-level=\"1\"><span style=\"font-weight: 400;\">Soumettre des informations, r\u00e9pondre aux demandes de contact et\/ou autres demandes, ou questions.<\/span><\/li>\n<li style=\"font-weight\u00a0: 400\u00a0;\" aria-level=\"1\"><span style=\"font-weight: 400;\">Traiter les commandes et envoyer les informations et les mises \u00e0 jour des commandes.<\/span><\/li>\n<li style=\"font-weight\u00a0: 400\u00a0;\" aria-level=\"1\"><span style=\"font-weight: 400;\">Vous envoyer des informations suppl\u00e9mentaires relatives \u00e0 votre produit et\/ou service.<\/span><\/li>\n<\/ul>\n<p>&nbsp;<\/p>\n<p><strong>AFIN D&rsquo;ACCEPTER CANSPAM, NOUS ACCEPTONS CE QUI SUIT\u00a0:<\/strong><\/p>\n<ul>\n<li style=\"font-weight\u00a0: 400\u00a0;\" aria-level=\"1\"><span style=\"font-weight: 400;\">N&rsquo;utilisez pas de sujets ou d&rsquo;adresses e-mail faux ou trompeurs.<\/span><\/li>\n<li style=\"font-weight\u00a0: 400\u00a0;\" aria-level=\"1\"><span style=\"font-weight: 400;\">Identifiez le message comme une publicit\u00e9 d&rsquo;une mani\u00e8re raisonnable.<\/span><\/li>\n<li style=\"font-weight\u00a0: 400\u00a0;\" aria-level=\"1\"><span style=\"font-weight: 400;\">Inclure l&rsquo;adresse physique de notre entreprise ou de notre emplacement.<\/span><\/li>\n<li style=\"font-weight\u00a0: 400\u00a0;\" aria-level=\"1\"><span style=\"font-weight: 400;\">Surveiller la conformit\u00e9 des services de marketing par e-mail tiers, le cas \u00e9ch\u00e9ant.<\/span><\/li>\n<li style=\"font-weight\u00a0: 400\u00a0;\" aria-level=\"1\"><span style=\"font-weight: 400;\">Respectez rapidement les demandes d&rsquo;opt-out\/d\u00e9sabonnement.<\/span><\/li>\n<li style=\"font-weight\u00a0: 400\u00a0;\" aria-level=\"1\"><span style=\"font-weight: 400;\">Autoriser les utilisateurs \u00e0 se d\u00e9sinscrire en utilisant le lien au bas de chaque e-mail.<\/span><\/li>\n<\/ul>\n<p>&nbsp;<\/p>\n<p><strong>SI \u00c0 TOUT MOMENT VOUS SOUHAITEZ NE PAS CESSER DE RECEVOIR DES E-MAILS FUTURS, VOUS POUVEZ NOUS ENVOYER UN E-MAIL \u00c0<\/strong><\/p>\n<p><span style=\"font-weight: 400;\">Suivez les instructions au bas de chaque e-mail et nous vous retirerons imm\u00e9diatement de TOUTE correspondance.<\/span><\/p>\n<p>&nbsp;<\/p>\n<p><b>Seacret-Tours<\/b><\/p>\n<p><span style=\"font-weight: 400;\">Portugal, Algarve, Albufeira<\/span><\/p>\n<p><span style=\"font-weight: 400;\">Marina d&rsquo;Albufeira, Passeio dos Oceanos, Lot 4, Loja 4 8200-394 Albufeira<\/span><\/p>\n<p><span style=\"font-weight\u00a0: 400\u00a0;\">+351\u00a0289\u00a0090\u00a0213<\/span><\/p>\n<p><span style=\"font-weight\u00a0: 400\u00a0;\">info@seacret-tours.com<\/span><\/p>\n<p><!-- \/wp:paragraph --><\/p>\t\t\t\t\t\t<\/div>\n\t\t\t\t<\/div>\n\t\t\t\t\t<\/div>\n\t\t<\/div>\n\t\t\t\t\t\t\t<\/div>\n\t\t<\/section>\n\t\t\t\t\t\t\t<\/div>\n\t\t","protected":false},"excerpt":{"rendered":"<p>Cette politique de confidentialit\u00e9 a \u00e9t\u00e9 compil\u00e9e pour mieux servir ceux qui s&rsquo;inqui\u00e8tent de la fa\u00e7on dont leurs \u00ab\u00a0informations personnelles identifiables\u00a0\u00bb (PII) sont utilis\u00e9es en ligne. Les PII sont des informations qui peuvent \u00eatre utilis\u00e9es seules ou avec d&rsquo;autres informations pour identifier, contacter ou localiser une personne unique ou pour identifier une personne dans son [&hellip;]<\/p>\n","protected":false},"author":1,"featured_media":0,"parent":0,"menu_order":0,"comment_status":"closed","ping_status":"closed","template":"","meta":[],"yoast_head":"<!-- This site is optimized with the Yoast SEO plugin v19.10 - https:\/\/yoast.com\/wordpress\/plugins\/seo\/ -->\n<title>Politique de Confidentialit\u00e9 - Seacret Tours<\/title>\n<meta name=\"robots\" content=\"index, follow, max-snippet:-1, max-image-preview:large, max-video-preview:-1\" \/>\n<link rel=\"canonical\" href=\"https:\/\/seacret-tours.com\/fr\/politique-de-confidentialite\/\" \/>\n<meta property=\"og:locale\" content=\"fr_FR\" \/>\n<meta property=\"og:type\" content=\"article\" \/>\n<meta property=\"og:title\" content=\"Politique de Confidentialit\u00e9 - Seacret Tours\" \/>\n<meta property=\"og:description\" content=\"Cette politique de confidentialit\u00e9 a \u00e9t\u00e9 compil\u00e9e pour mieux servir ceux qui s&rsquo;inqui\u00e8tent de la fa\u00e7on dont leurs \u00ab\u00a0informations personnelles identifiables\u00a0\u00bb (PII) sont utilis\u00e9es en ligne. Les PII sont des informations qui peuvent \u00eatre utilis\u00e9es seules ou avec d&rsquo;autres informations pour identifier, contacter ou localiser une personne unique ou pour identifier une personne dans son [&hellip;]\" \/>\n<meta property=\"og:url\" content=\"https:\/\/seacret-tours.com\/fr\/politique-de-confidentialite\/\" \/>\n<meta property=\"og:site_name\" content=\"Seacret Tours\" \/>\n<meta property=\"article:modified_time\" content=\"2022-01-15T02:37:57+00:00\" \/>\n<meta name=\"twitter:card\" content=\"summary_large_image\" \/>\n<meta name=\"twitter:label1\" content=\"Dur\u00e9e de lecture estim\u00e9e\" \/>\n\t<meta name=\"twitter:data1\" content=\"5 minutes\" \/>\n<script type=\"application\/ld+json\" class=\"yoast-schema-graph\">{\"@context\":\"https:\/\/schema.org\",\"@graph\":[{\"@type\":\"WebPage\",\"@id\":\"https:\/\/seacret-tours.com\/fr\/politique-de-confidentialite\/\",\"url\":\"https:\/\/seacret-tours.com\/fr\/politique-de-confidentialite\/\",\"name\":\"Politique de Confidentialit\u00e9 - Seacret Tours\",\"isPartOf\":{\"@id\":\"https:\/\/seacret-tours.com\/#website\"},\"datePublished\":\"2022-01-15T02:36:35+00:00\",\"dateModified\":\"2022-01-15T02:37:57+00:00\",\"breadcrumb\":{\"@id\":\"https:\/\/seacret-tours.com\/fr\/politique-de-confidentialite\/#breadcrumb\"},\"inLanguage\":\"fr-FR\",\"potentialAction\":[{\"@type\":\"ReadAction\",\"target\":[\"https:\/\/seacret-tours.com\/fr\/politique-de-confidentialite\/\"]}]},{\"@type\":\"BreadcrumbList\",\"@id\":\"https:\/\/seacret-tours.com\/fr\/politique-de-confidentialite\/#breadcrumb\",\"itemListElement\":[{\"@type\":\"ListItem\",\"position\":1,\"name\":\"Home\",\"item\":\"https:\/\/seacret-tours.com\/\"},{\"@type\":\"ListItem\",\"position\":2,\"name\":\"Politique de Confidentialit\u00e9\"}]},{\"@type\":\"WebSite\",\"@id\":\"https:\/\/seacret-tours.com\/#website\",\"url\":\"https:\/\/seacret-tours.com\/\",\"name\":\"Seacret Tours\",\"description\":\"Passeios de barco em Albufeira - Seacret Tours | Algarve\",\"publisher\":{\"@id\":\"https:\/\/seacret-tours.com\/#organization\"},\"potentialAction\":[{\"@type\":\"SearchAction\",\"target\":{\"@type\":\"EntryPoint\",\"urlTemplate\":\"https:\/\/seacret-tours.com\/?s={search_term_string}\"},\"query-input\":\"required name=search_term_string\"}],\"inLanguage\":\"fr-FR\"},{\"@type\":\"Organization\",\"@id\":\"https:\/\/seacret-tours.com\/#organization\",\"name\":\"Seacret Tours\",\"url\":\"https:\/\/seacret-tours.com\/\",\"logo\":{\"@type\":\"ImageObject\",\"inLanguage\":\"fr-FR\",\"@id\":\"https:\/\/seacret-tours.com\/#\/schema\/logo\/image\/\",\"url\":\"https:\/\/seacret-tours.com\/wp-content\/uploads\/2022\/09\/Seacret-Tours_Logo-Vertical-XS-Colored.png\",\"contentUrl\":\"https:\/\/seacret-tours.com\/wp-content\/uploads\/2022\/09\/Seacret-Tours_Logo-Vertical-XS-Colored.png\",\"width\":135,\"height\":60,\"caption\":\"Seacret Tours\"},\"image\":{\"@id\":\"https:\/\/seacret-tours.com\/#\/schema\/logo\/image\/\"}}]}<\/script>\n<!-- \/ Yoast SEO plugin. -->","yoast_head_json":{"title":"Politique de Confidentialit\u00e9 - Seacret Tours","robots":{"index":"index","follow":"follow","max-snippet":"max-snippet:-1","max-image-preview":"max-image-preview:large","max-video-preview":"max-video-preview:-1"},"canonical":"https:\/\/seacret-tours.com\/fr\/politique-de-confidentialite\/","og_locale":"fr_FR","og_type":"article","og_title":"Politique de Confidentialit\u00e9 - Seacret Tours","og_description":"Cette politique de confidentialit\u00e9 a \u00e9t\u00e9 compil\u00e9e pour mieux servir ceux qui s&rsquo;inqui\u00e8tent de la fa\u00e7on dont leurs \u00ab\u00a0informations personnelles identifiables\u00a0\u00bb (PII) sont utilis\u00e9es en ligne. Les PII sont des informations qui peuvent \u00eatre utilis\u00e9es seules ou avec d&rsquo;autres informations pour identifier, contacter ou localiser une personne unique ou pour identifier une personne dans son [&hellip;]","og_url":"https:\/\/seacret-tours.com\/fr\/politique-de-confidentialite\/","og_site_name":"Seacret Tours","article_modified_time":"2022-01-15T02:37:57+00:00","twitter_card":"summary_large_image","twitter_misc":{"Dur\u00e9e de lecture estim\u00e9e":"5 minutes"},"schema":{"@context":"https:\/\/schema.org","@graph":[{"@type":"WebPage","@id":"https:\/\/seacret-tours.com\/fr\/politique-de-confidentialite\/","url":"https:\/\/seacret-tours.com\/fr\/politique-de-confidentialite\/","name":"Politique de Confidentialit\u00e9 - Seacret Tours","isPartOf":{"@id":"https:\/\/seacret-tours.com\/#website"},"datePublished":"2022-01-15T02:36:35+00:00","dateModified":"2022-01-15T02:37:57+00:00","breadcrumb":{"@id":"https:\/\/seacret-tours.com\/fr\/politique-de-confidentialite\/#breadcrumb"},"inLanguage":"fr-FR","potentialAction":[{"@type":"ReadAction","target":["https:\/\/seacret-tours.com\/fr\/politique-de-confidentialite\/"]}]},{"@type":"BreadcrumbList","@id":"https:\/\/seacret-tours.com\/fr\/politique-de-confidentialite\/#breadcrumb","itemListElement":[{"@type":"ListItem","position":1,"name":"Home","item":"https:\/\/seacret-tours.com\/"},{"@type":"ListItem","position":2,"name":"Politique de Confidentialit\u00e9"}]},{"@type":"WebSite","@id":"https:\/\/seacret-tours.com\/#website","url":"https:\/\/seacret-tours.com\/","name":"Seacret Tours","description":"Passeios de barco em Albufeira - Seacret Tours | Algarve","publisher":{"@id":"https:\/\/seacret-tours.com\/#organization"},"potentialAction":[{"@type":"SearchAction","target":{"@type":"EntryPoint","urlTemplate":"https:\/\/seacret-tours.com\/?s={search_term_string}"},"query-input":"required name=search_term_string"}],"inLanguage":"fr-FR"},{"@type":"Organization","@id":"https:\/\/seacret-tours.com\/#organization","name":"Seacret Tours","url":"https:\/\/seacret-tours.com\/","logo":{"@type":"ImageObject","inLanguage":"fr-FR","@id":"https:\/\/seacret-tours.com\/#\/schema\/logo\/image\/","url":"https:\/\/seacret-tours.com\/wp-content\/uploads\/2022\/09\/Seacret-Tours_Logo-Vertical-XS-Colored.png","contentUrl":"https:\/\/seacret-tours.com\/wp-content\/uploads\/2022\/09\/Seacret-Tours_Logo-Vertical-XS-Colored.png","width":135,"height":60,"caption":"Seacret Tours"},"image":{"@id":"https:\/\/seacret-tours.com\/#\/schema\/logo\/image\/"}}]}},"_links":{"self":[{"href":"https:\/\/seacret-tours.com\/fr\/wp-json\/wp\/v2\/pages\/21480"}],"collection":[{"href":"https:\/\/seacret-tours.com\/fr\/wp-json\/wp\/v2\/pages"}],"about":[{"href":"https:\/\/seacret-tours.com\/fr\/wp-json\/wp\/v2\/types\/page"}],"author":[{"embeddable":true,"href":"https:\/\/seacret-tours.com\/fr\/wp-json\/wp\/v2\/users\/1"}],"replies":[{"embeddable":true,"href":"https:\/\/seacret-tours.com\/fr\/wp-json\/wp\/v2\/comments?post=21480"}],"version-history":[{"count":0,"href":"https:\/\/seacret-tours.com\/fr\/wp-json\/wp\/v2\/pages\/21480\/revisions"}],"wp:attachment":[{"href":"https:\/\/seacret-tours.com\/fr\/wp-json\/wp\/v2\/media?parent=21480"}],"curies":[{"name":"wp","href":"https:\/\/api.w.org\/{rel}","templated":true}]}}